{"id":12,"date":"2022-11-26T16:33:53","date_gmt":"2022-11-26T16:33:53","guid":{"rendered":"https:\/\/chevin-couverture.fr\/?page_id=12"},"modified":"2023-02-05T17:38:37","modified_gmt":"2023-02-05T17:38:37","slug":"home","status":"publish","type":"page","link":"https:\/\/chevin-couverture.fr\/","title":{"rendered":"Accueil"},"content":{"rendered":"\n<div class=\"is-layout-flex wp-container-3 wp-block-columns container\" id=\"qui-sommes-nous\">\n<div class=\"is-layout-flow wp-block-column col-md-5\" style=\"flex-basis:500px\">\n<h2>Qui sommes-nous ?<\/h2>\n\n\n\n<p id=\"nos-valeurs\" style=\"font-size:16px\">Ayant acquis une exp\u00e9rience dans le domaine depuis plusieurs ann\u00e9es, j\u2019ai d\u00e9cid\u00e9 de lancer ma propre entreprise de couverture essentiellement bas\u00e9e sur le conseil. Notre soci\u00e9t\u00e9 propose diff\u00e9rents types de services pour des travaux de couverture, de zinguerie et d\u2019isolation sur une large gamme de mat\u00e9riaux adapt\u00e9s \u00e0 chaque projet. Nous vous proposons un accompagnement sur mesure et personnalis\u00e9 pour r\u00e9pondre au mieux \u00e0 votre projet.<\/p>\n<\/div>\n\n\n\n<div class=\"is-layout-flow wp-block-column col-md-6 col-md-offset1\">\n<div style=\"height:55px\" aria-hidden=\"true\" class=\"wp-block-spacer\"><\/div>\n\n\n\n<figure class=\"wp-block-image size-full is-style-default\"><img decoding=\"async\" loading=\"lazy\" width=\"2106\" height=\"845\" src=\"https:\/\/chevin-couverture.fr\/wp-content\/uploads\/2022\/11\/Chevin-Couverture-V5-LOGO-Blanc-1-3.png\" alt=\"\" class=\"wp-image-73\" srcset=\"https:\/\/chevin-couverture.fr\/wp-content\/uploads\/2022\/11\/Chevin-Couverture-V5-LOGO-Blanc-1-3.png 2106w, https:\/\/chevin-couverture.fr\/wp-content\/uploads\/2022\/11\/Chevin-Couverture-V5-LOGO-Blanc-1-3-300x120.png 300w, https:\/\/chevin-couverture.fr\/wp-content\/uploads\/2022\/11\/Chevin-Couverture-V5-LOGO-Blanc-1-3-1024x411.png 1024w, https:\/\/chevin-couverture.fr\/wp-content\/uploads\/2022\/11\/Chevin-Couverture-V5-LOGO-Blanc-1-3-768x308.png 768w, https:\/\/chevin-couverture.fr\/wp-content\/uploads\/2022\/11\/Chevin-Couverture-V5-LOGO-Blanc-1-3-1536x616.png 1536w, https:\/\/chevin-couverture.fr\/wp-content\/uploads\/2022\/11\/Chevin-Couverture-V5-LOGO-Blanc-1-3-2048x822.png 2048w\" sizes=\"(max-width: 2106px) 100vw, 2106px\" \/><\/figure>\n\n\n\n<p><\/p>\n<\/div>\n<\/div>\n","protected":false},"excerpt":{"rendered":"<p>Qui sommes-nous ? Ayant acquis une exp\u00e9rience dans le domaine depuis plusieurs ann\u00e9es, j\u2019ai d\u00e9cid\u00e9 de lancer ma propre entreprise de couverture essentiellement bas\u00e9e sur le conseil. Notre soci\u00e9t\u00e9 propose diff\u00e9rents types de services pour des travaux de couverture, de zinguerie et d\u2019isolation sur une large gamme de mat\u00e9riaux adapt\u00e9s [&hellip;]<\/p>\n","protected":false},"author":1,"featured_media":78,"parent":0,"menu_order":0,"comment_status":"closed","ping_status":"closed","template":"","meta":{"om_disable_all_campaigns":false,"_mi_skip_tracking":false,"_themeisle_gutenberg_block_has_review":false},"aioseo_notices":[],"_links":{"self":[{"href":"https:\/\/chevin-couverture.fr\/index.php\/wp-json\/wp\/v2\/pages\/12"}],"collection":[{"href":"https:\/\/chevin-couverture.fr\/index.php\/wp-json\/wp\/v2\/pages"}],"about":[{"href":"https:\/\/chevin-couverture.fr\/index.php\/wp-json\/wp\/v2\/types\/page"}],"author":[{"embeddable":true,"href":"https:\/\/chevin-couverture.fr\/index.php\/wp-json\/wp\/v2\/users\/1"}],"replies":[{"embeddable":true,"href":"https:\/\/chevin-couverture.fr\/index.php\/wp-json\/wp\/v2\/comments?post=12"}],"version-history":[{"count":12,"href":"https:\/\/chevin-couverture.fr\/index.php\/wp-json\/wp\/v2\/pages\/12\/revisions"}],"predecessor-version":[{"id":146,"href":"https:\/\/chevin-couverture.fr\/index.php\/wp-json\/wp\/v2\/pages\/12\/revisions\/146"}],"wp:featuredmedia":[{"embeddable":true,"href":"https:\/\/chevin-couverture.fr\/index.php\/wp-json\/wp\/v2\/media\/78"}],"wp:attachment":[{"href":"https:\/\/chevin-couverture.fr\/index.php\/wp-json\/wp\/v2\/media?parent=12"}],"curies":[{"name":"wp","href":"https:\/\/api.w.org\/{rel}","templated":true}]}}